
{"id":11,"date":"2021-01-26T18:18:59","date_gmt":"2021-01-26T18:18:59","guid":{"rendered":"https:\/\/wp.ddmanagement.it\/?page_id=11"},"modified":"2024-12-04T16:25:26","modified_gmt":"2024-12-04T15:25:26","slug":"home","status":"publish","type":"page","link":"https:\/\/noci.ddmanagement.it\/","title":{"rendered":"Home"},"content":{"rendered":"<h3>Servizi On-Line<\/h3>\n<div class=\"row\">\n<div class=\"offset-md-1 col-md-11 paragrafo\">\n<p>Attraverso questa sezione potrai accedere con pochi clic a tutti i servizi messi a disposizione dall&#8217;amministrazione sul web. I servizi sono organizzati per aree tematiche e per poter utilizzare alcuni di essi dovrai essere in possesso di credenziali SPID.<\/p>\n<\/div>\n<\/div>\n<div class=\"row\">\n<div class=\"offset-md-1 col-md-8 testolungo\">\n<p><strong>Servizi<\/strong><\/p>\n<ul>\n<li>Consultazione della propria posizione contributiva<\/li>\n<li>Pagamento online (circuito PagoPA)<\/li>\n<li>Compilazione di dichiarazioni ed istanze\n<ul>\n<li><a href=\"https:\/\/noci.ddmanagement.it\/index.php\/dichiarazione-tari-utenza-domestica-attivazione\/\">TARI UTENZA DOMESTICA &#8211; Attivazione utenza<\/a><\/li>\n<li><a href=\"https:\/\/noci.ddmanagement.it\/index.php\/riesame-autotutela\/\">Riesame Autotutela<\/a><\/li>\n<\/ul>\n<\/li>\n<li>Consultazione dei dati catastali<\/li>\n<\/ul>\n<p>Attraverso questa sezione \u00e8 anche possibile richiedere un appuntamento completamente online.<\/p>\n<\/div>\n<\/div>\n<h3>Servizi utilizzabili senza accesso SPID<\/h3>\n<p><a href=\"https:\/\/cloud.ddmanagement.it\/noci\/admin\/st800.php\">Calcolo imposta di competenza dell&#8217;anno in corso e precedenti attraverso il modulo calcolatore online.<\/a><\/p>\n<section class=\"section section-image width-background\" style=\"background-image: url('https:\/\/trinitapoli.ddmanagement.it\/wp-content\/uploads\/2021\/01\/cropped-polignano-a-mare-cnn-1-1.jpg?id=16'); margin-left: calc(-50vw + 50%); background-size: cover; width: 100vw; background-position: center; background-repeat: no-repeat;\">\n<div class=\"section-content\">\n<div class=\"container\">\n<div class=\"row\">\n<div class=\"col-lg-4\"><!--start card--><\/p>\n<div class=\"card-wrapper\">\n<div class=\"card\">\n<div class=\"card-body\">\n<h3 class=\"card-title h5 \">Spid<\/h3>\n<p>SPID, il Sistema Pubblico di Identit\u00e0 Digitale, \u00e8 la soluzione che ti permette di accedere a tutti i servizi online della Pubblica Amministrazione con un&#8217;unica Identit\u00e0 Digitale utilizzabile da computer, tablet e smartphone.<\/p>\n<p>Se sei gi\u00e0 in possesso di un&#8217;identit\u00e0 digitale, accedi con le credenziali del tuo gestore. Se non hai ancora un&#8217;identit\u00e0 digitale, richiedila ad uno dei gestori.<\/p>\n<div><strong><a class=\"loginpin_link\" href=\"http:\/\/www.spid.gov.it\/\" target=\"_blank\" rel=\"noopener\">Maggiori informazioni su SPID<\/a><\/strong><\/div>\n<div><strong><a class=\"loginpin_link\" href=\"http:\/\/www.spid.gov.it\/richiedi-spid\" target=\"_blank\" rel=\"noopener\">Non hai SPID?<\/a><\/strong><\/div>\n<\/div>\n<\/div>\n<\/div>\n<p><!--end card--><\/p>\n<\/div>\n<div class=\"col-lg-4\"><!--start card--><\/p>\n<div class=\"card-wrapper\">\n<div class=\"card\">\n<div class=\"card-body\">\n<h3 class=\"card-title h5 \">Richiesta appuntamento<\/h3>\n<p><strong>Area dedicata alla richiesta di appuntamento con l&#8217;ufficio tributi.<\/strong><\/p>\n<p><a href=\"https:\/\/noci.ddmanagement.it\/index.php\/prenota-appuntamento\/\"><strong>PRENOTA<\/strong><\/a><\/p>\n<\/div>\n<\/div>\n<\/div>\n<p><!--end card--><\/p>\n<\/div>\n<div class=\"col-lg-4\"><!--start card--><\/p>\n<div class=\"card-wrapper\">\n<div class=\"card\">\n<div class=\"card-body\">\n<h3 class=\"card-title h5 \">PagoPA<\/h3>\n<p>PagoPA \u00e8 la piattaforma digitale che consente ai cittadini di pagare in modo pi\u00f9 naturale, veloce e moderno e che solleva le amministrazioni dai costi e dai ritardi dei metodi di incasso tradizionali.<\/p>\n<p><strong><a href=\"https:\/\/www.pagopa.gov.it\/it\/pagopa\/\">Approfondisci<\/a><\/strong><\/p>\n<\/div>\n<\/div>\n<\/div>\n<p><!--end card--><\/p>\n<\/div>\n<\/div>\n<\/div>\n<\/div>\n<\/section>\n","protected":false},"excerpt":{"rendered":"<p>Servizi On-Line Attraverso questa sezione potrai accedere con pochi clic a tutti i servizi messi a disposizione dall&#8217;amministrazione sul web.<\/p>\n","protected":false},"author":1,"featured_media":0,"parent":0,"menu_order":0,"comment_status":"closed","ping_status":"closed","template":"","meta":{"footnotes":""},"tags":[],"class_list":["post-11","page","type-page","status-publish","hentry"],"_links":{"self":[{"href":"https:\/\/noci.ddmanagement.it\/index.php\/wp-json\/wp\/v2\/pages\/11","targetHints":{"allow":["GET"]}}],"collection":[{"href":"https:\/\/noci.ddmanagement.it\/index.php\/wp-json\/wp\/v2\/pages"}],"about":[{"href":"https:\/\/noci.ddmanagement.it\/index.php\/wp-json\/wp\/v2\/types\/page"}],"author":[{"embeddable":true,"href":"https:\/\/noci.ddmanagement.it\/index.php\/wp-json\/wp\/v2\/users\/1"}],"replies":[{"embeddable":true,"href":"https:\/\/noci.ddmanagement.it\/index.php\/wp-json\/wp\/v2\/comments?post=11"}],"version-history":[{"count":26,"href":"https:\/\/noci.ddmanagement.it\/index.php\/wp-json\/wp\/v2\/pages\/11\/revisions"}],"predecessor-version":[{"id":574,"href":"https:\/\/noci.ddmanagement.it\/index.php\/wp-json\/wp\/v2\/pages\/11\/revisions\/574"}],"wp:attachment":[{"href":"https:\/\/noci.ddmanagement.it\/index.php\/wp-json\/wp\/v2\/media?parent=11"}],"wp:term":[{"taxonomy":"post_tag","embeddable":true,"href":"https:\/\/noci.ddmanagement.it\/index.php\/wp-json\/wp\/v2\/tags?post=11"}],"curies":[{"name":"wp","href":"https:\/\/api.w.org\/{rel}","templated":true}]}}